{"id":800,"date":"2016-03-21T09:46:53","date_gmt":"2016-03-21T09:46:53","guid":{"rendered":"http:\/\/www.write2meetyou.nl\/?page_id=800"},"modified":"2022-08-21T20:20:05","modified_gmt":"2022-08-21T20:20:05","slug":"faq","status":"publish","type":"page","link":"https:\/\/www.write2meetyou.nl\/hu\/faq\/","title":{"rendered":"GYIK"},"content":{"rendered":"<p><strong>&#8211; Mennyire pontos az az inform\u00e1ci\u00f3, amelyet egy grafol\u00f3gus meg\u00e1llap\u00edt r\u00f3lam a k\u00e9zzel \u00edrott levelemb\u0151l?<\/strong><br \/>\n<em>&#8211; Az elemz\u00e9s 95-99% pontosan lefedi az \u00edr\u00f3 szem\u00e9ly szem\u00e9lyis\u00e9g\u00e9t. \u00d6sszehasonl\u00edt\u00f3 kutat\u00e1sok bizony\u00edtj\u00e1k, hogy egy grafol\u00f3giai\u00a0elemz\u00e9s \u00e9s egy szem\u00e9lyis\u00e9g-teszt ugyanarra az eredm\u00e9nyre jut a vizsg\u00e1lt szem\u00e9ly szem\u00e9lyis\u00e9g\u00e9t illet\u0151en.<\/em><\/p>\n<p><strong>&#8211; Egyre kevesebbet \u00edrunk k\u00e9zzel manaps\u00e1g. Ennek ellen\u00e9re egy k\u00e9z\u00edr\u00e1s-elemz\u00e9s hat\u00e9kony tud lenni?<\/strong><br \/>\n<em>&#8211; Igen! Mindenk\u00e9ppen! Elv\u00e9gre m\u00e9g k\u00e9z\u00edr\u00e1st oktatnak az iskol\u00e1kban \u00e9s az iskol\u00e1s \u00e9vekben t\u00f6bb \u00f3r\u00e1t \u00edrtunk k\u00e9zzel naponta. Az \u00edr\u00e1s, mint mozg\u00e1s automatiz\u00e1l\u00f3dott \u00e9s<\/em><br \/>\n<em>egy\u00e9niesedett. Az \u00edgy megtanult tud\u00e1s r\u00f6gz\u00fcl, csak \u00e9ppen a technikai v\u00edvm\u00e1nyoknak k\u00f6sz\u00f6nhet\u0151en az \u00edr\u00e1st kev\u00e9sb\u00e9 gyakoroljuk.<\/em><\/p>\n<p><strong>&#8211; Mi\u00e9rt t\u00e9rjek \u00e1t grafol\u00f3giai \u00edr\u00e1selemz\u00e9sre a j\u00f3l bev\u00e1lt pszichol\u00f3giai tesztekr\u0151l, assessment center-r\u0151l a munkaer\u0151-kiv\u00e1laszt\u00e1sban?<\/strong><br \/>\n<em>&#8211; Mert mind a jel\u00f6lt \u00e9s mind a c\u00e9g dolgoz\u00f3i r\u00e9sz\u00e9r\u0151l id\u0151t sp\u00f3rol meg. 8 \u00f3ra helyett csak 2 \u00f3r\u00e1t vesz ig\u00e9nybe \u00e9s a c\u00e9g egy grafol\u00f3giai elemz\u00e9ssel 40%-os k\u00f6lts\u00e9gcs\u00f6kken\u00e9st \u00e9rhet el.<\/em><br \/>\n<em>A jel\u00f6ltnek egy szem\u00e9lyes interj\u00fa el\u0151tt\/ut\u00e1n csak egy levelet kell \u00edrnia f\u00e9l \u00f3r\u00e1n bel\u00fcl,<\/em><br \/>\n<em>tov\u00e1bb\u00e1 ki kell t\u00f6ltenie az etikai nyilatkozatot majd hazamehet. <\/em><br \/>\n<em>A grafol\u00f3gus elemzi az \u00edr\u00e1st, majd t\u00e1j\u00e9koztatja a munk\u00e1ltat\u00f3t az eredm\u00e9nyr\u0151l.<\/em><\/p>\n<p><strong>&#8211; Ha egy c\u00e9g az \u00e1ll\u00e1sinterj\u00fa sor\u00e1n grafol\u00f3giai elemz\u00e9st szeretne alkalmazni, akkor milyen inform\u00e1ci\u00f3kat mond el r\u00f3lam a grafol\u00f3gus a c\u00e9gnek?<\/strong><br \/>\n<em>&#8211; A grafol\u00f3gus a munkak\u00f6rh\u00f6z legfontosabb tulajdons\u00e1gokat vizsg\u00e1lja meg a k\u00e9z\u00edr\u00e1sb\u00f3l \u00e9s osztja meg a c\u00e9g k\u00e9pvisel\u0151ivel. A grafol\u00f3gus t\u00f6bb jelentkez\u0151 \u00edr\u00e1s\u00e1t elemzi.<\/em><br \/>\n<em>A v\u00e9gs\u0151 d\u00f6nt\u00e9s meghozatal\u00e1hoz tov\u00e1bbra is fontos egy szem\u00e9lyes interj\u00fa a jel\u00f6lttel. A grafol\u00f3gusnak nincs d\u00f6nt\u00e9se abban, hogy kit vegyenek fel az adott pozici\u00f3ra.<\/em><\/p>\n<p><strong>&#8211; Milyen nyelven \u00edrjam meg a levelet?<\/strong><br \/>\n<em>&#8211; A legjobb a saj\u00e1t anyanyelven meg\u00edrt lev\u00e9l. Ha az anyanyelv orosz, arab, kinai vagy jap\u00e1n, akkor szeretn\u00e9k kapni egy angol nyelven meg\u00edrt levelet is.<\/em><\/p>\n<p><strong>&#8211; T\u00f6bbf\u00e9lek\u00e9ppen \u00edrok: egyszer gyorsan \u00e9s rond\u00e1n, m\u00e1skor meg lassan \u00e9s olvashat\u00f3an. M\u00e9gis mi alapj\u00e1n t\u00f6rt\u00e9nik az elemz\u00e9s?<\/strong><br \/>\n<em>&#8211; \u00cdr\u00e1sunkat \u00e9rzelmeink \u00e9s adott \u00e9lethelyzetek befoly\u00e1solj\u00e1k. A pontos grafol\u00f3giai elemz\u00e9shez egy nyugodt 15 percben meg\u00edrt lev\u00e9l sz\u00fcks\u00e9ges.<\/em><br \/>\n<em>Ekkor jelenik meg az igazi \u00edr\u00e1sk\u00e9p\u00fcnk a pap\u00edron.<\/em><\/p>\n<p><strong>&#8211; Nagyon rond\u00e1n \u00e9s olvashatatlanul \u00edrok. Akkor biztos egy borzalmas ember vagyok, ugye?<\/strong><br \/>\n<em>&#8211; Nem, ezt egy\u00e1ltal\u00e1n nem \u00edgy van! Mindenkinek vannak j\u00f3 k\u00e9pess\u00e9gei!<\/em><\/p>\n<p><strong>&#8211; Van j\u00f3 p\u00e1r k\u00e9zzel \u00edrott jegyzetem m\u00e9g az egyetemi \u00e9vekr\u0151l. Ez m\u00e1r j\u00f3 5 \u00e9ve volt. Ezeket ha bemutatom, el\u00e9gs\u00e9gesek az elemz\u00e9shez?<\/strong><br \/>\n<em>&#8211; Sajnos nem. Fontos, hogy az elemz\u00e9shez 6 h\u00f3napn\u00e1l nem r\u00e9gebbi k\u00e9zzel \u00edrott levelet kapjak elemz\u00e9sre. Mivel \u00e9let\u00fcnk sor\u00e1n k\u00fcl\u00f6nb\u00f6z\u0151 \u00e9lethelyzeteknek k\u00f6sz\u00f6nhet\u0151en<\/em><br \/>\n<em>v\u00e1ltozik a szem\u00e9lyis\u00e9g\u00fcnk, ez\u00e1ltal a k\u00e9z\u00edr\u00e1sunk is. Az iskolai jegyzet egy kieg\u00e9sz\u00edt\u0151 seg\u00edts\u00e9get ad az elemz\u00e9shez.<\/em><\/p>\n<h4>Van k\u00e9rd\u00e9se? \u00cdrja meg nekem \u00e9s v\u00e1laszolok!<\/h4>\n<h4>k.toth@write2meetyou.nl<\/h4>\n<p><script>\/\/ <![CDATA[\n(function(i,s,o,g,r,a,m){i['GoogleAnalyticsObject']=r;i[r]=i[r]||function(){   (i[r].q=i[r].q||[]).push(arguments)},i[r].l=1*new Date();a=s.createElement(o),   m=s.getElementsByTagName(o)[0];a.async=1;a.src=g;m.parentNode.insertBefore(a,m)   })(window,document,'script','\/\/www.google-analytics.com\/analytics.js','ga');   ga('create', 'UA-63048472-1', 'auto');   ga('send', 'pageview');\n\/\/ ]]><\/script><\/p>","protected":false},"excerpt":{"rendered":"<p>&#8211; Mennyire pontos az az inform\u00e1ci\u00f3, amelyet egy grafol\u00f3gus meg\u00e1llap\u00edt r\u00f3lam a k\u00e9zzel \u00edrott levelemb\u0151l? &#8211; Az elemz\u00e9s 95-99% pontosan lefedi az \u00edr\u00f3 szem\u00e9ly szem\u00e9lyis\u00e9g\u00e9t. \u00d6sszehasonl\u00edt\u00f3 kutat\u00e1sok bizony\u00edtj\u00e1k, hogy egy grafol\u00f3giai\u00a0elemz\u00e9s \u00e9s egy szem\u00e9lyis\u00e9g-teszt ugyanarra az eredm\u00e9nyre jut a vizsg\u00e1lt szem\u00e9ly szem\u00e9lyis\u00e9g\u00e9t illet\u0151en. &#8211; Egyre kevesebbet \u00edrunk k\u00e9zzel manaps\u00e1g. Ennek ellen\u00e9re egy k\u00e9z\u00edr\u00e1s-elemz\u00e9s hat\u00e9kony tud &hellip; <a href=\"https:\/\/www.write2meetyou.nl\/hu\/faq\/\" class=\"more-link\"><span class=\"screen-reader-text\">GYIK<\/span> b\u0151vebben&#8230; <span class=\"meta-nav\">&rarr;<\/span><\/a><\/p>\n","protected":false},"author":1,"featured_media":0,"parent":0,"menu_order":0,"comment_status":"closed","ping_status":"closed","template":"","meta":{"om_disable_all_campaigns":false},"aioseo_notices":[],"_links":{"self":[{"href":"https:\/\/www.write2meetyou.nl\/hu\/wp-json\/wp\/v2\/pages\/800"}],"collection":[{"href":"https:\/\/www.write2meetyou.nl\/hu\/wp-json\/wp\/v2\/pages"}],"about":[{"href":"https:\/\/www.write2meetyou.nl\/hu\/wp-json\/wp\/v2\/types\/page"}],"author":[{"embeddable":true,"href":"https:\/\/www.write2meetyou.nl\/hu\/wp-json\/wp\/v2\/users\/1"}],"replies":[{"embeddable":true,"href":"https:\/\/www.write2meetyou.nl\/hu\/wp-json\/wp\/v2\/comments?post=800"}],"version-history":[{"count":8,"href":"https:\/\/www.write2meetyou.nl\/hu\/wp-json\/wp\/v2\/pages\/800\/revisions"}],"predecessor-version":[{"id":931,"href":"https:\/\/www.write2meetyou.nl\/hu\/wp-json\/wp\/v2\/pages\/800\/revisions\/931"}],"wp:attachment":[{"href":"https:\/\/www.write2meetyou.nl\/hu\/wp-json\/wp\/v2\/media?parent=800"}],"curies":[{"name":"wp","href":"https:\/\/api.w.org\/{rel}","templated":true}]}}