{"id":191,"date":"2015-05-24T20:17:45","date_gmt":"2015-05-24T20:17:45","guid":{"rendered":"http:\/\/www.write2meetyou.nl\/ktoth\/?page_id=191"},"modified":"2017-01-28T18:04:45","modified_gmt":"2017-01-28T18:04:45","slug":"analyse","status":"publish","type":"page","link":"https:\/\/www.write2meetyou.nl\/hu\/analyse\/","title":{"rendered":"Elemz\u00e9s"},"content":{"rendered":"<p><\/p>\n<h6><img decoding=\"async\" loading=\"lazy\" class=\"alignright wp-image-406\" src=\"http:\/\/www.write2meetyou.nl\/ktoth\/wp-content\/uploads\/2015\/05\/irasmintak-300x199.jpg\" alt=\"personality test persoonlijkheidstest\" width=\"398\" height=\"264\" srcset=\"https:\/\/www.write2meetyou.nl\/ktoth\/wp-content\/uploads\/2015\/05\/irasmintak-300x199.jpg 300w, https:\/\/www.write2meetyou.nl\/ktoth\/wp-content\/uploads\/2015\/05\/irasmintak-1024x680.jpg 1024w, https:\/\/www.write2meetyou.nl\/ktoth\/wp-content\/uploads\/2015\/05\/irasmintak.jpg 1920w\" sizes=\"(max-width: 398px) 100vw, 398px\" \/>Id\u0151pont egyeztet\u00e9ssel<\/h6>\n<p>1) Gyorselemz\u00e9s &#8211; 60 perc &#8211; sz\u00f3beli<\/p>\n<p>2) R\u00e9szletes elemz\u00e9s &#8211; 120 perc &#8211; sz\u00f3beli<\/p>\n<p>3) R\u00e9szletes elemz\u00e9s- 2-3 oldalas \u00edr\u00e1sbeli grafol\u00f3giai szakv\u00e9lem\u00e9ny<\/p>\n<h6>let\u00f6lt\u00e9s: etikai nyilatkozat<\/h6>\n<p style=\"padding-left: 30px; text-align: left;\"><strong><a href=\"http:\/\/www.write2meetyou.nl\/ktoth\/Ethische_verklaring_handschriftanalyse.pdf\" target=\"_blank\"><br \/>\n<\/a><img decoding=\"async\" loading=\"lazy\" class=\"  alignleft wp-image-273\" src=\"http:\/\/www.write2meetyou.nl\/ktoth\/wp-content\/uploads\/2015\/05\/pdf-logo-300x201.png\" alt=\"pdf-logo\" width=\"42\" height=\"28\" srcset=\"https:\/\/www.write2meetyou.nl\/ktoth\/wp-content\/uploads\/2015\/05\/pdf-logo-300x201.png 300w, https:\/\/www.write2meetyou.nl\/ktoth\/wp-content\/uploads\/2015\/05\/pdf-logo.png 580w\" sizes=\"(max-width: 42px) 100vw, 42px\" \/><a href=\"http:\/\/www.write2meetyou.nl\/ktoth\/etikai_nyilatkozat_grafologiai_elemzes.pdf\">PDF verzi\u00f3<\/a><\/strong><\/p>\n<p style=\"padding-left: 30px;\"><strong><a href=\"https:\/\/get.adobe.com\/reader\/\" target=\"_blank\">Adobe Acrobat Reader<\/a>\u00a0<a href=\"https:\/\/get.adobe.com\/reader\/\" target=\"_blank\">telep\u00edt\u0151<\/a><\/strong><\/p>\n<p><script>\/\/ <![CDATA[\n(function(i,s,o,g,r,a,m){i['GoogleAnalyticsObject']=r;i[r]=i[r]||function(){   (i[r].q=i[r].q||[]).push(arguments)},i[r].l=1*new Date();a=s.createElement(o),   m=s.getElementsByTagName(o)[0];a.async=1;a.src=g;m.parentNode.insertBefore(a,m)   })(window,document,'script','\/\/www.google-analytics.com\/analytics.js','ga');   ga('create', 'UA-63048472-1', 'auto');   ga('send', 'pageview');\n\/\/ ]]><\/script><\/p>\n<p><script>\/\/ <![CDATA[\n(function(i,s,o,g,r,a,m){i['GoogleAnalyticsObject']=r;i[r]=i[r]||function(){   (i[r].q=i[r].q||[]).push(arguments)},i[r].l=1*new Date();a=s.createElement(o),   m=s.getElementsByTagName(o)[0];a.async=1;a.src=g;m.parentNode.insertBefore(a,m)   })(window,document,'script','\/\/www.google-analytics.com\/analytics.js','ga');   ga('create', 'UA-63048472-1', 'auto');   ga('send', 'pageview');\n\/\/ ]]><\/script><\/p>","protected":false},"excerpt":{"rendered":"<p>Id\u0151pont egyeztet\u00e9ssel 1) Gyorselemz\u00e9s &#8211; 60 perc &#8211; sz\u00f3beli 2) R\u00e9szletes elemz\u00e9s &#8211; 120 perc &#8211; sz\u00f3beli 3) R\u00e9szletes elemz\u00e9s- 2-3 oldalas \u00edr\u00e1sbeli grafol\u00f3giai szakv\u00e9lem\u00e9ny let\u00f6lt\u00e9s: etikai nyilatkozat PDF verzi\u00f3 Adobe Acrobat Reader\u00a0telep\u00edt\u0151<\/p>\n","protected":false},"author":1,"featured_media":0,"parent":0,"menu_order":0,"comment_status":"closed","ping_status":"closed","template":"","meta":{"om_disable_all_campaigns":false},"aioseo_notices":[],"_links":{"self":[{"href":"https:\/\/www.write2meetyou.nl\/hu\/wp-json\/wp\/v2\/pages\/191"}],"collection":[{"href":"https:\/\/www.write2meetyou.nl\/hu\/wp-json\/wp\/v2\/pages"}],"about":[{"href":"https:\/\/www.write2meetyou.nl\/hu\/wp-json\/wp\/v2\/types\/page"}],"author":[{"embeddable":true,"href":"https:\/\/www.write2meetyou.nl\/hu\/wp-json\/wp\/v2\/users\/1"}],"replies":[{"embeddable":true,"href":"https:\/\/www.write2meetyou.nl\/hu\/wp-json\/wp\/v2\/comments?post=191"}],"version-history":[{"count":39,"href":"https:\/\/www.write2meetyou.nl\/hu\/wp-json\/wp\/v2\/pages\/191\/revisions"}],"predecessor-version":[{"id":845,"href":"https:\/\/www.write2meetyou.nl\/hu\/wp-json\/wp\/v2\/pages\/191\/revisions\/845"}],"wp:attachment":[{"href":"https:\/\/www.write2meetyou.nl\/hu\/wp-json\/wp\/v2\/media?parent=191"}],"curies":[{"name":"wp","href":"https:\/\/api.w.org\/{rel}","templated":true}]}}