{"id":181,"date":"2015-05-24T20:04:38","date_gmt":"2015-05-24T20:04:38","guid":{"rendered":"http:\/\/www.write2meetyou.nl\/ktoth\/?page_id=181"},"modified":"2022-08-21T20:18:37","modified_gmt":"2022-08-21T20:18:37","slug":"over-grafologie","status":"publish","type":"page","link":"https:\/\/www.write2meetyou.nl\/hu\/over-grafologie\/","title":{"rendered":"A grafol\u00f3gi\u00e1r\u00f3l"},"content":{"rendered":"<p><\/p>\n<p style=\"text-align: left;\">A grafol\u00f3gia <b>a k\u00e9z\u00edr\u00e1s egy\u00e9ni jellegzetess\u00e9geit<\/b> vizsg\u00e1lva meg\u00e1llap\u00edtja az \u00edr\u00f3 szem\u00e9ly tulajdons\u00e1gait.<\/p>\n<p><strong>A grafol\u00f3gia szab\u00e1lyait megalapoz\u00f3 legfontosabb tud\u00f3sok:<\/strong> <em>Ludwig Klages<\/em> (1852-1956), <em>Jean-Hyppolite Michon<\/em> (1806-1881), <em>Max Pulver<\/em> (1889-1952)<\/p>\n<p style=\"text-align: left;\">Grafol\u00f3gia az al\u00e1bbi ter\u00fcleteken lehet hasznos:<\/p>\n<ul>\n<li><strong>\u00d6nismeret:\u00a0<\/strong>mindenki sz\u00e1m\u00e1ra<\/li>\n<li><strong>Emberi er\u0151forr\u00e1s-kiv\u00e1laszt\u00e1s:<\/strong>\u00a0tan\u00e1csad\u00e1s a megfelel\u0151 szem\u00e9ly kiv\u00e1laszt\u00e1s\u00e1ban adott pozici\u00f3ra<\/li>\n<li><strong>P\u00e1lyav\u00e1laszt\u00e1si-tan\u00e1csad\u00e1s:<\/strong>\u00a0a nem megfelel\u0151en megv\u00e1lasztott tanulm\u00e1nyok sikertelnes\u00e9get \u00e9s az \u00f6nbizalom cs\u00f6kken\u00e9s\u00e9t eredm\u00e9nyezik. A grafol\u00f3gia nagyon eredm\u00e9nyes tud lenni abban, hogy a szem\u00e9lyis\u00e9gre szabott iskolai profilt (\u00e9rdekl\u0151d\u00e9si k\u00f6rrel egybevetve) meghat\u00e1rozza az \u00edr\u00f3 szem\u00e9ly r\u00e9sz\u00e9re \u00e9s hozz\u00e1j\u00e1rulhasson a sikeres tanulm\u00e1nyokhoz.<\/li>\n<li><strong>Gyermekfel\u00fcgyelet (au pair alkalmass\u00e1g): <\/strong>kiemelked\u0151 m\u00e9rt\u00e9k\u0171 elemz\u00e9s a megfelel\u0151 au pair kiv\u00e1laszt\u00e1s\u00e1ban, f\u00f3kusz\u00e1lva az al\u00e1bbi fontos szem\u00e9lyis\u00e9gjegyekre, mint pl. megb\u00edzhat\u00f3s\u00e1g, \u0151szintes\u00e9g, \u00e9rzelmi \u00e9let, indulatkezel\u00e9s valamint megnyilv\u00e1nul\u00f3 agresszivit\u00e1s<\/li>\n<li><strong>Gyermek- \u00e9s csal\u00e1dseg\u00edt\u00e9s: <\/strong>\u00e9rz\u00e9keny csal\u00e1di t\u00e9m\u00e1k felfed\u00e9se \u00e9s megold\u00e1sa<\/li>\n<\/ul>\n<h6 style=\"text-align: left;\"><strong>A grafol\u00f3giai elemz\u00e9shez sz\u00fcks\u00e9ges felt\u00e9telek<\/strong><strong><br \/>\n<\/strong><\/h6>\n<ul>\n<li>\u00cdrj egy levelet egy vonalmentes f\u00e9nym\u00e1sol\u00f3pap\u00edrra (A4 m\u00e9ret)!<\/li>\n<li>\u00cdrj pl. a hobbidr\u00f3l, a bar\u00e1taidr\u00f3l, a nyaral\u00e1si \u00e9lm\u00e9nyeidr\u0151l!<\/li>\n<li>Helyezkedj el k\u00e9nyelmesen az asztaln\u00e1l! Gondoskodj arr\u00f3l, hogy senki ne zavarjon. Biztos\u00edts megfelel\u0151 nyugodt k\u00f6r\u00fclm\u00e9nyeket az \u00edr\u00e1shoz, figyelembe v\u00e9ve a h\u0151m\u00e9rs\u00e9kletet \u00e9s a vil\u00e1g\u00edt\u00e1st.<\/li>\n<li>Ne m\u00e1solj ki sz\u00f6veget k\u00f6nyvb\u0151l! Fejb\u0151l \u00edrj mondatokat!<\/li>\n<li>\u00cdrj minimum 15 sort!<\/li>\n<li>Haszn\u00e1lj megsz\u00f3l\u00edt\u00e1st ill. a v\u00e9g\u00e9n \u00edrd al\u00e1 teljes n\u00e9vvel!<\/li>\n<li>\u00cdrj az anyanyelveden!<\/li>\n<\/ul>\n<h6 style=\"text-align: left;\"><b>etikai nyilatkozat<\/b><\/h6>\n<p style=\"text-align: left;\">A grafol\u00f3giai elemz\u00e9shez az \u00edr\u00f3 szem\u00e9ly enged\u00e9lye sz\u00fcks\u00e9ges. Egy kit\u00f6lt\u00f6tt, al\u00e1\u00edrt etikai nyilatkozat (l\u00e1sd\u00a0<a href=\"http:\/\/www.write2meetyou.nl\/ktoth\/etikai_nyilatkozat_grafologiai_elemzes.pdf\" target=\"_blank\" rel=\"noopener\">PDF dokumentum<\/a>) eleget tesz a k\u00f6vetelm\u00e9nyeknek. \u00c9n biztos\u00edtom az \u00fcgyfelet arr\u00f3l, hogy az elemz\u00e9s sor\u00e1n meg\u00e1llap\u00edtott inform\u00e1ci\u00f3kat titokban tartom \u00e9s harmadik f\u00e9l sz\u00e1m\u00e1ra nem osztom meg.<\/p>\n<h6 style=\"text-align: left;\"><b>felhaszn\u00e1lt eszk\u00f6z\u00f6k<\/b><\/h6>\n<p style=\"text-align: left;\">Vonalz\u00f3, grafol\u00f3giai vonalz\u00f3, nagy\u00edt\u00f3, sz\u00e1mol\u00f3g\u00e9p, Excel t\u00e1bl\u00e1zatkezel\u0151-program<\/p>\n<p style=\"text-align: left;\"><img decoding=\"async\" loading=\"lazy\" class=\"  aligncenter wp-image-182\" src=\"http:\/\/www.write2meetyou.nl\/ktoth\/wp-content\/uploads\/2015\/05\/hulpmiddelen-300x195.jpg\" alt=\"personality test persoonlijkheidstest assessment center cheap goedkoop\" width=\"460\" height=\"299\" srcset=\"https:\/\/www.write2meetyou.nl\/ktoth\/wp-content\/uploads\/2015\/05\/hulpmiddelen-300x195.jpg 300w, https:\/\/www.write2meetyou.nl\/ktoth\/wp-content\/uploads\/2015\/05\/hulpmiddelen-1024x664.jpg 1024w, https:\/\/www.write2meetyou.nl\/ktoth\/wp-content\/uploads\/2015\/05\/hulpmiddelen.jpg 1804w\" sizes=\"(max-width: 460px) 100vw, 460px\" \/><\/p>\n<p><script>\/\/ <![CDATA[\n(function(i,s,o,g,r,a,m){i['GoogleAnalyticsObject']=r;i[r]=i[r]||function(){   (i[r].q=i[r].q||[]).push(arguments)},i[r].l=1*new Date();a=s.createElement(o),   m=s.getElementsByTagName(o)[0];a.async=1;a.src=g;m.parentNode.insertBefore(a,m)   })(window,document,'script','\/\/www.google-analytics.com\/analytics.js','ga');   ga('create', 'UA-63048472-1', 'auto');   ga('send', 'pageview');<br \/>\n\/\/ ]]><\/script><\/p>\n<p><script>\/\/ <![CDATA[\n(function(i,s,o,g,r,a,m){i['GoogleAnalyticsObject']=r;i[r]=i[r]||function(){   (i[r].q=i[r].q||[]).push(arguments)},i[r].l=1*new Date();a=s.createElement(o),   m=s.getElementsByTagName(o)[0];a.async=1;a.src=g;m.parentNode.insertBefore(a,m)   })(window,document,'script','\/\/www.google-analytics.com\/analytics.js','ga');   ga('create', 'UA-63048472-1', 'auto');   ga('send', 'pageview');<br \/>\n\/\/ ]]><\/script><\/p>","protected":false},"excerpt":{"rendered":"<p>A grafol\u00f3gia a k\u00e9z\u00edr\u00e1s egy\u00e9ni jellegzetess\u00e9geit vizsg\u00e1lva meg\u00e1llap\u00edtja az \u00edr\u00f3 szem\u00e9ly tulajdons\u00e1gait. A grafol\u00f3gia szab\u00e1lyait megalapoz\u00f3 legfontosabb tud\u00f3sok: Ludwig Klages (1852-1956), Jean-Hyppolite Michon (1806-1881), Max Pulver (1889-1952) Grafol\u00f3gia az al\u00e1bbi ter\u00fcleteken lehet hasznos: \u00d6nismeret:\u00a0mindenki sz\u00e1m\u00e1ra Emberi er\u0151forr\u00e1s-kiv\u00e1laszt\u00e1s:\u00a0tan\u00e1csad\u00e1s a megfelel\u0151 szem\u00e9ly kiv\u00e1laszt\u00e1s\u00e1ban adott pozici\u00f3ra P\u00e1lyav\u00e1laszt\u00e1si-tan\u00e1csad\u00e1s:\u00a0a nem megfelel\u0151en megv\u00e1lasztott tanulm\u00e1nyok sikertelnes\u00e9get \u00e9s az \u00f6nbizalom cs\u00f6kken\u00e9s\u00e9t eredm\u00e9nyezik. A &hellip; <a href=\"https:\/\/www.write2meetyou.nl\/hu\/over-grafologie\/\" class=\"more-link\"><span class=\"screen-reader-text\">A grafol\u00f3gi\u00e1r\u00f3l<\/span> b\u0151vebben&#8230; <span class=\"meta-nav\">&rarr;<\/span><\/a><\/p>\n","protected":false},"author":1,"featured_media":0,"parent":0,"menu_order":0,"comment_status":"closed","ping_status":"closed","template":"","meta":{"om_disable_all_campaigns":false},"aioseo_notices":[],"_links":{"self":[{"href":"https:\/\/www.write2meetyou.nl\/hu\/wp-json\/wp\/v2\/pages\/181"}],"collection":[{"href":"https:\/\/www.write2meetyou.nl\/hu\/wp-json\/wp\/v2\/pages"}],"about":[{"href":"https:\/\/www.write2meetyou.nl\/hu\/wp-json\/wp\/v2\/types\/page"}],"author":[{"embeddable":true,"href":"https:\/\/www.write2meetyou.nl\/hu\/wp-json\/wp\/v2\/users\/1"}],"replies":[{"embeddable":true,"href":"https:\/\/www.write2meetyou.nl\/hu\/wp-json\/wp\/v2\/comments?post=181"}],"version-history":[{"count":92,"href":"https:\/\/www.write2meetyou.nl\/hu\/wp-json\/wp\/v2\/pages\/181\/revisions"}],"predecessor-version":[{"id":930,"href":"https:\/\/www.write2meetyou.nl\/hu\/wp-json\/wp\/v2\/pages\/181\/revisions\/930"}],"wp:attachment":[{"href":"https:\/\/www.write2meetyou.nl\/hu\/wp-json\/wp\/v2\/media?parent=181"}],"curies":[{"name":"wp","href":"https:\/\/api.w.org\/{rel}","templated":true}]}}