{"id":121,"date":"2015-05-24T17:46:00","date_gmt":"2015-05-24T17:46:00","guid":{"rendered":"http:\/\/www.write2meetyou.nl\/ktoth\/?page_id=121"},"modified":"2022-08-09T20:49:15","modified_gmt":"2022-08-09T20:49:15","slug":"about-krisztina-2","status":"publish","type":"page","link":"https:\/\/www.write2meetyou.nl\/hu\/about-krisztina-2\/","title":{"rendered":"Krisztin\u00e1r\u00f3l"},"content":{"rendered":"<p><\/p>\n<div>&#8222;Mosolyogj, hogy megv\u00e1ltoztas<img decoding=\"async\" loading=\"lazy\" class=\"alignright wp-image-22 size-medium\" src=\"http:\/\/www.write2meetyou.nl\/ktoth\/wp-content\/uploads\/2015\/05\/image003-199x300.jpg\" alt=\"personality test persoonlijkheidstest assessment center cheap goedkoop\" width=\"199\" height=\"300\" srcset=\"https:\/\/www.write2meetyou.nl\/ktoth\/wp-content\/uploads\/2015\/05\/image003-199x300.jpg 199w, https:\/\/www.write2meetyou.nl\/ktoth\/wp-content\/uploads\/2015\/05\/image003-680x1024.jpg 680w, https:\/\/www.write2meetyou.nl\/ktoth\/wp-content\/uploads\/2015\/05\/image003.jpg 1550w\" sizes=\"(max-width: 199px) 100vw, 199px\" \/>d a vil\u00e1got, de ne hagyd, hogy a vil\u00e1g megv\u00e1ltoztassa a mosolyod.&#8221;<\/div>\n<div><\/div>\n<div><strong>Budapesten, Magyarorsz\u00e1gon <\/strong>n\u0151ttem fel.<\/div>\n<div>2010-ben Hollandi\u00e1ba\u00a0<span style=\"font-size: 14px;\">k\u00f6lt\u00f6ztem, hogy ezzel az <\/span><span style=\"font-size: 14px;\">\u00e1lmomat val\u00f3ra v\u00e1ltsam.<\/span><\/div>\n<div>M\u00e1r nagyon r\u00e9g\u00f3ta foglalkoztam azzal a gondolattal, hogy vajon ki vagyok \u00e9n, melyek az er\u0151ss\u00e9geim ill. k\u00e9pess\u00e9geim.<\/div>\n<div>Miut\u00e1n 2004-ben befejeztem tanulm\u00e1nyiamat, egy \u00e1ll\u00e1sb\u00f6rz\u00e9n vettem r\u00e9szt, ahol grafol\u00f3gusok tev\u00e9kenys\u00e9gre lettem figyelmes. Kiv\u00e1ncsis\u00e1gb\u00f3l kipr\u00f3b\u00e1ltam. \u00cdrtam egy levelet \u00e9s odaadtam a grafol\u00f3gusnak. Egy negyed \u00f3r\u00e1n bel\u00fcl m\u00e1ris megtudtam, miben vagyok tehets\u00e9ges, melyek az er\u0151ss\u00e9geim, \u00e9s milyen k\u00e9szs\u00e9geim vannak!<\/div>\n<div><strong>Ez a pillanat nagyon meghat\u00e1roz\u00f3 volt az \u00e9letemben. Ekkor eld\u00f6nt\u00f6ttem, hogy grafol\u00f3gus leszek \u00e9s embereknek fogok seg\u00edteni!<\/strong><\/div>\n<div>A m\u0171szaki menedzser \u00e9s m\u00e9rn\u00f6ktan\u00e1r szak elv\u00e9gz\u00e9se ut\u00e1n, t\u00f6bb \u00e9ven \u00e1t informatikai ter\u00fcleten dolgoztam, mint Reporting analyst \u00e9s Adatb\u00e1zis adminisztr\u00e1tor.<\/div>\n<div>Azt vettem \u00e9szre, hogy a grafol\u00f3gi\u00e1r\u00f3l mindig nagy lelkesed\u00e9ssel besz\u00e9lek. R\u00e1j\u00f6ttem, hogy nagyon sz\u00edvesen seg\u00edtek a grafol\u00f3giai m\u00f3dszerrel embereknek azzal, hogy sikeresek lehessenek!<\/div>\n<div>Grafol\u00f3gia a szenved\u00e9lyemen!<\/div>\n<div><\/div>\n<div><\/div>\n<div>A c\u00e9lom az, hogy megismerve jobban \u00f6nmagad &#8211; a grafol\u00f3giai elemz\u00e9s \u00e1ltal &#8211; mind a munkahelyen, mind a priv\u00e1t \u00e9letben sikeres legy\u00e9l!<img decoding=\"async\" loading=\"lazy\" class=\"alignright wp-image-347\" src=\"http:\/\/www.write2meetyou.nl\/ktoth\/wp-content\/uploads\/2015\/05\/Kri_s-300x143.jpg\" alt=\"Kri_s\" width=\"206\" height=\"98\" srcset=\"https:\/\/www.write2meetyou.nl\/ktoth\/wp-content\/uploads\/2015\/05\/Kri_s-300x143.jpg 300w, https:\/\/www.write2meetyou.nl\/ktoth\/wp-content\/uploads\/2015\/05\/Kri_s.jpg 500w\" sizes=\"(max-width: 206px) 100vw, 206px\" \/><\/div>\n<div><\/div>\n<div><\/div>\n<div>\n<hr \/>\n<p>1980 \u00a0 \u00a0 \u00a0 \u00a0 \u00a0 \u00a0 \u00a0 \u00a0 \u00a0 \u00a0 \u00a0 \u00a0Budapest,\u00a0Magyarorsz\u00e1g<\/p>\n<\/div>\n<h5 style=\"text-align: left;\"><strong>ISKOL\u00c1K<br \/>\n<\/strong><\/h5>\n<p>2010 \u00a0 \u00a0 \u00a0 \u00a0 \u00a0 \u00a0 \u00a0 \u00a0 \u00a0 \u00a0 \u00a0 Grafol\u00f3giai Int\u00e9zet, Budapest, Magyarorsz\u00e1g<img decoding=\"async\" loading=\"lazy\" class=\" wp-image-41 alignright\" src=\"http:\/\/www.write2meetyou.nl\/ktoth\/wp-content\/uploads\/2015\/05\/grafint.jpg\" alt=\"grafint\" width=\"63\" height=\"54\" \/><strong>, \u00a0 \u00a0 \u00a0 \u00a0 \u00a0 \u00a0 \u00a0 \u00a0 \u00a0 \u00a0 \u00a0 \u00a0 \u00a0 \u00a0 \u00a0 \u00a0 \u00a0 \u00a0 \u00a0 \u00a0 \u00a0 \u00a0 \u00a0 \u00a0 \u00a0 \u00a0 \u00a0 \u00a0 \u00a0 \u00a0 \u00a0 \u00a0Grafol\u00f3gus<\/strong><\/p>\n<p style=\"text-align: left;\">2004 \u00a0 \u00a0 \u00a0 \u00a0 \u00a0 \u00a0 \u00a0 \u00a0 \u00a0 \u00a0 \u00a0 \u00d3buda Egyetem, B\u00e1nki Don\u00e1t G\u00e9p\u00e9sz \u00e9s \u00a0 \u00a0 \u00a0 \u00a0 \u00a0 \u00a0 \u00a0 \u00a0 \u00a0 \u00a0 \u00a0 \u00a0 \u00a0 \u00a0 \u00a0 \u00a0 \u00a0 \u00a0 \u00a0 \u00a0 \u00a0 \u00a0 \u00a0 \u00a0 \u00a0 \u00a0 \u00a0 \u00a0 \u00a0 \u00a0 \u00a0 \u00a0 \u00a0 \u00a0 \u00a0Biztons\u00e1gtechnikai M\u00e9rn\u00f6ki Kar,\u00a0Budapest \u00a0 \u00a0 \u00a0 \u00a0 \u00a0 \u00a0 \u00a0 \u00a0 \u00a0 \u00a0 \u00a0 \u00a0 \u00a0 \u00a0 \u00a0 \u00a0 \u00a0 \u00a0 \u00a0 \u00a0 \u00a0 \u00a0 \u00a0 \u00a0 \u00a0 \u00a0 \u00a0 \u00a0 \u00a0 \u00a0 \u00a0 \u00a0<strong>\u00a0 \u00a0 \u00a0 \u00a0 \u00a0 \u00a0 \u00a0 \u00a0 \u00a0 \u00a0 \u00a0 \u00a0 \u00a0 \u00a0\u00a0<img decoding=\"async\" loading=\"lazy\" class=\" wp-image-40 alignright\" src=\"http:\/\/www.write2meetyou.nl\/ktoth\/wp-content\/uploads\/2015\/05\/banki-300x300.jpg\" alt=\"banki\" width=\"67\" height=\"67\" srcset=\"https:\/\/www.write2meetyou.nl\/ktoth\/wp-content\/uploads\/2015\/05\/banki-300x300.jpg 300w, https:\/\/www.write2meetyou.nl\/ktoth\/wp-content\/uploads\/2015\/05\/banki-150x150.jpg 150w, https:\/\/www.write2meetyou.nl\/ktoth\/wp-content\/uploads\/2015\/05\/banki.jpg 960w\" sizes=\"(max-width: 67px) 100vw, 67px\" \/><\/strong><\/p>\n<p style=\"text-align: left;\">2004 \u00a0 \u00a0 \u00a0 \u00a0 \u00a0 \u00a0 \u00a0 \u00a0 \u00a0 \u00a0 \u00a0 \u00d3buda Egyetem, B\u00e1nki Don\u00e1t G\u00e9p\u00e9sz \u00e9s \u00a0 \u00a0 \u00a0 \u00a0 \u00a0 \u00a0 \u00a0 \u00a0 \u00a0 \u00a0 \u00a0 \u00a0 \u00a0 \u00a0 \u00a0 \u00a0 \u00a0 \u00a0 \u00a0 \u00a0 \u00a0 \u00a0 \u00a0 \u00a0 \u00a0 \u00a0 \u00a0 \u00a0 \u00a0 \u00a0 \u00a0 \u00a0 \u00a0 \u00a0 \u00a0Biztons\u00e1gtechnikai M\u00e9rn\u00f6ki Kar, Budapest, \u00a0 \u00a0 \u00a0 \u00a0 \u00a0 \u00a0 \u00a0 \u00a0 \u00a0 \u00a0 \u00a0 \u00a0 \u00a0 \u00a0 \u00a0 \u00a0 \u00a0 \u00a0 \u00a0 \u00a0 \u00a0 \u00a0 \u00a0 \u00a0 \u00a0 \u00a0 \u00a0 \u00a0 \u00a0 \u00a0 \u00a0 \u00a0 \u00a0<b>M\u00e9rn\u00f6k tan\u00e1r szak<\/b><\/p>\n<h5><b>MUNKATAPASZTALAT<\/b><\/h5>\n<p style=\"text-align: left;\"><a href=\"http:\/\/www.vrijwilligerspunt.nl\"><img decoding=\"async\" loading=\"lazy\" class=\" wp-image-35 alignright\" src=\"http:\/\/www.write2meetyou.nl\/ktoth\/wp-content\/uploads\/2015\/05\/VP-300x98.jpg\" alt=\"VP\" width=\"116\" height=\"38\" srcset=\"https:\/\/www.write2meetyou.nl\/ktoth\/wp-content\/uploads\/2015\/05\/VP-300x98.jpg 300w, https:\/\/www.write2meetyou.nl\/ktoth\/wp-content\/uploads\/2015\/05\/VP.jpg 329w\" sizes=\"(max-width: 116px) 100vw, 116px\" \/><\/a>2014 \u00a0 \u00a0 \u00a0 \u00a0 \u00a0 \u00a0 \u00a0 \u00a0 \u00a0 \u00a0 \u00a0\u00a0<strong>Vrijwilligerspunt Eindhoven<\/strong>\u00a0 &#8211; Eindhoven\u00a0 \u00a0 \u00a0 \u00a0 \u00a0 \u00a0 \u00a0 \u00a0 \u00a0 \u00a0 \u00a0 \u00a0 \u00a0 \u00a0 \u00a0 \u00a0 \u00a0 \u00a0 \u00a0 \u00a0 \u00a0 \u00a0 \u00a0 \u00a0 \u00a0 Talentscout &#8211;\u00a0\u00f6nk\u00e9ntes munka<\/p>\n<p style=\"text-align: left;\">2014 \u00a0 \u00a0 \u00a0 \u00a0 \u00a0 \u00a0 \u00a0 \u00a0 \u00a0 \u00a0 \u00a0\u00a0<strong>The Hub Eindhoven for Expats<\/strong> &#8211; Eindhoven<img decoding=\"async\" loading=\"lazy\" class=\" wp-image-33 alignright\" src=\"http:\/\/www.write2meetyou.nl\/ktoth\/wp-content\/uploads\/2015\/05\/HUB.jpg\" alt=\"HUB\" width=\"67\" height=\"35\" \/>\u00a0 \u00a0 \u00a0 \u00a0 \u00a0 \u00a0 \u00a0 \u00a0 \u00a0 \u00a0 \u00a0 \u00a0 \u00a0 \u00a0 \u00a0 \u00a0 \u00a0 \u00a0 \u00a0 \u00a0 \u00a0 \u00a0 \u00a0 \u00a0 \u00a0 \u00a0 \u00a0 \u00a0 \u00a0 Volunteer assistant coordinator &#8211; \u00f6nk\u00e9ntes munka<\/p>\n<p style=\"text-align: left;\">2014 \u00a0 \u00a0 \u00a0 \u00a0 \u00a0 \u00a0 \u00a0 \u00a0 \u00a0 \u00a0 \u00a0\u00a0<strong>Go4it! Jongerencoaching<\/strong> \u2013\u00a0Eindhoven \u00a0 \u00a0 \u00a0 \u00a0 \u00a0 \u00a0 \u00a0 \u00a0 \u00a0 \u00a0 \u00a0 \u00a0 \u00a0 \u00a0 \u00a0 \u00a0 \u00a0 \u00a0 \u00a0 \u00a0 \u00a0 \u00a0 \u00a0 \u00a0 \u00a0 \u00a0 \u00a0 \u00a0 \u00a0 \u00a0 \u00a0 \u00a0 \u00a0 \u00a0 \u00a0 \u00a0 \u00a0 \u00a0 \u00a0 \u00a0 \u00a0 \u00a0 \u00a0 \u00a0 \u00a0 \u00a0 \u00a0(folyamatban lev\u0151) \u00a0 \u00a0 \u00a0 \u00a0 \u00a0 \u00a0 \u00a0 \u00a0 \u00a0 \u00a0 \u00a0 \u00a0 \u00a0 \u00a0 \u00a0 <img decoding=\"async\" loading=\"lazy\" class=\" wp-image-34 alignright\" src=\"http:\/\/www.write2meetyou.nl\/ktoth\/wp-content\/uploads\/2015\/05\/go4it.jpg\" alt=\"go4it\" width=\"137\" height=\"42\" \/>\u00a0 \u00a0 \u00a0 \u00a0 \u00a0 \u00a0 \u00a0 \u00a0 \u00a0 \u00a0 \u00a0 \u00a0 \u00a0 \u00a0 \u00a0 \u00a0 \u00a0 \u00a0 \u00a0 \u00a0 \u00a0 \u00a0 \u00a0 \u00a0 \u00a0 \u00a0 \u00a0 \u00a0 \u00a0Study coach \u2013 \u00f6nk\u00e9ntes munka<\/p>\n<p>2014 szept. 26-27.\u00a0<strong>Oktat\u00e1si\u00a0b\u00f6rze\u00a0\u00a0Eindhoven<\/strong> \u2013 Eindhoven<\/p>\n<p style=\"text-align: left;\">\u00a0 \u00a0 \u00a0 \u00a0 \u00a0 \u00a0 \u00a0 \u00a0 \u00a0 \u00a0 \u00a0 \u00a0 \u00a0 \u00a0 \u00a0 \u00a0Study coach<img decoding=\"async\" loading=\"lazy\" class=\" wp-image-37 alignright\" src=\"http:\/\/www.write2meetyou.nl\/ktoth\/wp-content\/uploads\/2015\/05\/onderwijsbeurs.png\" alt=\"onderwijsbeurs\" width=\"129\" height=\"36\" \/><\/p>\n<p style=\"text-align: left;\">2007 \u2013 2010 \u00a0 \u00a0 \u00a0 \u00a0 \u00a0\u00a0<strong>Budapesti M\u0171szaki \u00e9s Gazdas\u00e1gtudom\u00e1nyi \u00a0 \u00a0 \u00a0 \u00a0 \u00a0 \u00a0 \u00a0 \u00a0 \u00a0 \u00a0 \u00a0 \u00a0 \u00a0 \u00a0 \u00a0 \u00a0 \u00a0 \u00a0 \u00a0 \u00a0 \u00a0 \u00a0 \u00a0Egyetem\u00a0<\/strong>\u2013 Budapest, Hungary<img decoding=\"async\" loading=\"lazy\" class=\" wp-image-38 alignright\" src=\"http:\/\/www.write2meetyou.nl\/ktoth\/wp-content\/uploads\/2015\/05\/bme.jpg\" alt=\"bme\" width=\"119\" height=\"38\" \/><\/p>\n<p style=\"text-align: left;\">\u00a0 \u00a0 \u00a0 \u00a0 \u00a0 \u00a0 \u00a0 \u00a0 \u00a0 \u00a0 \u00a0 \u00a0 \u00a0 \u00a0 \u00a0 \u00a0Study coach<\/p>\n<p><script>\/\/ <![CDATA[ (function(i,s,o,g,r,a,m){i['GoogleAnalyticsObject']=r;i[r]=i[r]||function(){ (i[r].q=i[r].q||[]).push(arguments)},i[r].l=1*new Date();a=s.createElement(o), m=s.getElementsByTagName(o)[0];a.async=1;a.src=g;m.parentNode.insertBefore(a,m) })(window,document,'script','\/\/www.google-analytics.com\/analytics.js','ga'); ga('create', 'UA-63048472-1', 'auto'); ga('send', 'pageview'); \/\/ ]]><\/script><\/p>","protected":false},"excerpt":{"rendered":"<p>&#8222;Mosolyogj, hogy megv\u00e1ltoztasd a vil\u00e1got, de ne hagyd, hogy a vil\u00e1g megv\u00e1ltoztassa a mosolyod.&#8221; Budapesten, Magyarorsz\u00e1gon n\u0151ttem fel. 2010-ben Hollandi\u00e1ba\u00a0k\u00f6lt\u00f6ztem, hogy ezzel az \u00e1lmomat val\u00f3ra v\u00e1ltsam. M\u00e1r nagyon r\u00e9g\u00f3ta foglalkoztam azzal a gondolattal, hogy vajon ki vagyok \u00e9n, melyek az er\u0151ss\u00e9geim ill. k\u00e9pess\u00e9geim. Miut\u00e1n 2004-ben befejeztem tanulm\u00e1nyiamat, egy \u00e1ll\u00e1sb\u00f6rz\u00e9n vettem r\u00e9szt, ahol grafol\u00f3gusok tev\u00e9kenys\u00e9gre lettem &hellip; <a href=\"https:\/\/www.write2meetyou.nl\/hu\/about-krisztina-2\/\" class=\"more-link\"><span class=\"screen-reader-text\">Krisztin\u00e1r\u00f3l<\/span> b\u0151vebben&#8230; <span class=\"meta-nav\">&rarr;<\/span><\/a><\/p>\n","protected":false},"author":1,"featured_media":0,"parent":0,"menu_order":0,"comment_status":"closed","ping_status":"closed","template":"","meta":{"om_disable_all_campaigns":false},"aioseo_notices":[],"_links":{"self":[{"href":"https:\/\/www.write2meetyou.nl\/hu\/wp-json\/wp\/v2\/pages\/121"}],"collection":[{"href":"https:\/\/www.write2meetyou.nl\/hu\/wp-json\/wp\/v2\/pages"}],"about":[{"href":"https:\/\/www.write2meetyou.nl\/hu\/wp-json\/wp\/v2\/types\/page"}],"author":[{"embeddable":true,"href":"https:\/\/www.write2meetyou.nl\/hu\/wp-json\/wp\/v2\/users\/1"}],"replies":[{"embeddable":true,"href":"https:\/\/www.write2meetyou.nl\/hu\/wp-json\/wp\/v2\/comments?post=121"}],"version-history":[{"count":113,"href":"https:\/\/www.write2meetyou.nl\/hu\/wp-json\/wp\/v2\/pages\/121\/revisions"}],"predecessor-version":[{"id":891,"href":"https:\/\/www.write2meetyou.nl\/hu\/wp-json\/wp\/v2\/pages\/121\/revisions\/891"}],"wp:attachment":[{"href":"https:\/\/www.write2meetyou.nl\/hu\/wp-json\/wp\/v2\/media?parent=121"}],"curies":[{"name":"wp","href":"https:\/\/api.w.org\/{rel}","templated":true}]}}