{"id":105,"date":"2015-05-24T17:38:10","date_gmt":"2015-05-24T17:38:10","guid":{"rendered":"http:\/\/www.write2meetyou.nl\/ktoth\/?page_id=105"},"modified":"2026-04-16T21:39:46","modified_gmt":"2026-04-16T21:39:46","slug":"contact_nl","status":"publish","type":"page","link":"https:\/\/www.write2meetyou.nl\/hu\/contact_nl\/","title":{"rendered":"Kapcsolat"},"content":{"rendered":"<p><strong>T\u00f3th Krisztina\u00a0<img decoding=\"async\" loading=\"lazy\" class=\"  alignright wp-image-97\" src=\"http:\/\/www.write2meetyou.nl\/ktoth\/wp-content\/uploads\/2015\/05\/w2my_final.jpg\" alt=\"personality test persoonlijkheidstest assessment center cheap goedkoop\" width=\"373\" height=\"215\" \/><br \/>\n<\/strong><strong>k.toth@write2meetyou.nl<\/strong><\/p>\n<p><strong>Eindhoven<\/strong><\/p>\n<p><strong>C\u00e9gjegyz\u00e9ksz\u00e1m (Hollandia): 63210886<\/strong><\/p>\n<p><strong><a href=\"https:\/\/www.facebook.com\/Write2meetyou\" target=\"_blank\" rel=\"noopener\"><img decoding=\"async\" loading=\"lazy\" class=\"  alignleft wp-image-297\" src=\"http:\/\/www.write2meetyou.nl\/ktoth\/wp-content\/uploads\/2015\/05\/FB_logo.jpg\" alt=\"FB_logo\" width=\"46\" height=\"46\" \/><\/a><a href=\"https:\/\/www.facebook.com\/Write2meetyou\" target=\"_blank\" rel=\"noopener\">Like us on Facebook!<\/a><\/strong><\/p>\n<p><script>\/\/ <![CDATA[\n(function(i,s,o,g,r,a,m){i['GoogleAnalyticsObject']=r;i[r]=i[r]||function(){   (i[r].q=i[r].q||[]).push(arguments)},i[r].l=1*new Date();a=s.createElement(o),   m=s.getElementsByTagName(o)[0];a.async=1;a.src=g;m.parentNode.insertBefore(a,m)   })(window,document,'script','\/\/www.google-analytics.com\/analytics.js','ga');   ga('create', 'UA-63048472-1', 'auto');   ga('send', 'pageview');\n\/\/ ]]><\/script><\/p>\n<p><script>\/\/ <![CDATA[\n(function(i,s,o,g,r,a,m){i['GoogleAnalyticsObject']=r;i[r]=i[r]||function(){   (i[r].q=i[r].q||[]).push(arguments)},i[r].l=1*new Date();a=s.createElement(o),   m=s.getElementsByTagName(o)[0];a.async=1;a.src=g;m.parentNode.insertBefore(a,m)   })(window,document,'script','\/\/www.google-analytics.com\/analytics.js','ga');   ga('create', 'UA-63048472-1', 'auto');   ga('send', 'pageview');\n\/\/ ]]><\/script><\/p>","protected":false},"excerpt":{"rendered":"<p>T\u00f3th Krisztina\u00a0 k.toth@write2meetyou.nl Eindhoven C\u00e9gjegyz\u00e9ksz\u00e1m (Hollandia): 63210886 Like us on Facebook!<\/p>\n","protected":false},"author":1,"featured_media":0,"parent":0,"menu_order":0,"comment_status":"closed","ping_status":"closed","template":"","meta":{"om_disable_all_campaigns":false},"aioseo_notices":[],"_links":{"self":[{"href":"https:\/\/www.write2meetyou.nl\/hu\/wp-json\/wp\/v2\/pages\/105"}],"collection":[{"href":"https:\/\/www.write2meetyou.nl\/hu\/wp-json\/wp\/v2\/pages"}],"about":[{"href":"https:\/\/www.write2meetyou.nl\/hu\/wp-json\/wp\/v2\/types\/page"}],"author":[{"embeddable":true,"href":"https:\/\/www.write2meetyou.nl\/hu\/wp-json\/wp\/v2\/users\/1"}],"replies":[{"embeddable":true,"href":"https:\/\/www.write2meetyou.nl\/hu\/wp-json\/wp\/v2\/comments?post=105"}],"version-history":[{"count":25,"href":"https:\/\/www.write2meetyou.nl\/hu\/wp-json\/wp\/v2\/pages\/105\/revisions"}],"predecessor-version":[{"id":961,"href":"https:\/\/www.write2meetyou.nl\/hu\/wp-json\/wp\/v2\/pages\/105\/revisions\/961"}],"wp:attachment":[{"href":"https:\/\/www.write2meetyou.nl\/hu\/wp-json\/wp\/v2\/media?parent=105"}],"curies":[{"name":"wp","href":"https:\/\/api.w.org\/{rel}","templated":true}]}}