{"id":100,"date":"2015-05-24T17:36:49","date_gmt":"2015-05-24T17:36:49","guid":{"rendered":"http:\/\/www.write2meetyou.nl\/ktoth\/?page_id=100"},"modified":"2022-08-21T16:22:11","modified_gmt":"2022-08-21T16:22:11","slug":"home","status":"publish","type":"page","link":"https:\/\/www.write2meetyou.nl\/hu\/","title":{"rendered":"\u00cdr\u00e1selemz\u00e9s"},"content":{"rendered":"<p><strong>\u00dcgyfeleim mondt\u00e1k az elemz\u00e9s ut\u00e1n:<\/strong><\/p>\n<p>&#8222;<em>Meglep\u0151, hogy mennyi inform\u00e1ci\u00f3 kider\u00fcl egy k\u00e9zzel \u00edrt lev\u00e9lb\u0151l!<\/em>&#8221;<br \/>\nCaroline (54), Eindhoven<\/p>\n<p>&#8222;<em>Teljesen meglep\u0151dtem Krisztina pontos elemz\u00e9s\u00e9n, amelyet egy \u00e1ltalam \u00edrt r\u00f6vid lev\u00e9lb\u0151l hat\u00e1rozott meg.<\/em><br \/>\n<em>A grafol\u00f3gia egy nagyon hat\u00e9kony m\u00f3dszer arra, hogy bel\u00e1t\u00e1st nyerj\u00fcnk az egy\u00e9n motiv\u00e1ci\u00f3iba, szem\u00e9lyis\u00e9gjegyeibe \u00e9s haszn\u00e1t vegy\u00fck k\u00fcl\u00f6nb\u00f6z\u0151 munkahelyeken!<\/em>&#8221;<br \/>\nRoos (36), Eindhoven<\/p>\n<p><em>&#8222;Megh\u00f6kkent\u0151 \u00e9s k\u00fcl\u00f6nleges ez az \u00edr\u00e1selemz\u00e9s! Klassz megismerni, hogy valaki a k\u00e9z\u00edr\u00e1sodat elemzi \u00e9s teljesen j\u00f3l le\u00edrja, ki vagy val\u00f3j\u00e1ban!<\/em><br \/>\n<em>Er\u0151sen aj\u00e1nlott m\u00f3dszer, ha meg akarod tudni mi rejlik a k\u00e9z\u00edr\u00e1sod m\u00f6g\u00f6tt.&#8221;<\/em><br \/>\nDiana (34), Eindhoven<\/p>\n<p>&#8222;<em>Eszm\u00e9letlen, hogy Krisztina a k\u00e9z\u00edr\u00e1som alapj\u00e1n milyen sok inform\u00e1ci\u00f3t tudott r\u00f3lam meghat\u00e1rozni! Kor\u00e1bban volt r\u00e9szem egy TMA teszt kit\u00f6lt\u00e9s\u00e9ben. A grafol\u00f3giai<\/em><br \/>\n<em>elemz\u00e9s \u00e9s a TMA teszt eredm\u00e9nye meglep\u0151en azonos volt. R\u00f6vidre fogva: mindenkinek csak aj\u00e1nlani tudom!<\/em>&#8221;<br \/>\nIlona (33), Eindhoven<\/p>\n<p>A grafol\u00f3gus t\u00f6bb mint 80 k\u00e9pess\u00e9get \u00e9s szem\u00e9lyis\u00e9gvon\u00e1st tud a k\u00e9z\u00edr\u00e1sb\u00f3l meghat\u00e1rozni.<\/p>\n<ul>\n<li>Azt gondolod, hogy a k\u00e9z\u00edr\u00e1sod rendetlen vagy \u00e9ppens\u00e9ggel olvashatatlan?\u00a0<strong><span style=\"color: #993366;\"><br \/>\n\u2192\u00a0<\/span><\/strong><span style=\"color: #000000;\">Egy grafol\u00f3gus sz\u00e1m\u00e1ra ez csak egy meghat\u00e1roz\u00f3 jel a sok k\u00f6z\u00fcl.<\/span><\/li>\n<li>Tudtad, hogy a k\u00e9z\u00edr\u00e1sod a legteljesebb szellemi \u00e9s fizikai kifejez\u00e9se \u00f6nmagadnak?<\/li>\n<\/ul>\n<p>\u00c9rdekel, mit mond a k\u00e9z\u00edr\u00e1sod r\u00f3lad?<\/p>\n<p><strong>Ha igen, szeretettel v\u00e1rom jelentkez\u00e9sed egy grafol\u00f3giai elemz\u00e9sre!<\/strong><\/p>\n<div id=\"gt-src-c\" class=\"g-unit\">\u00a0<img decoding=\"async\" loading=\"lazy\" class=\" aligncenter wp-image-311\" src=\"http:\/\/www.write2meetyou.nl\/ktoth\/wp-content\/uploads\/2015\/05\/Krisztina_Graphology_DSC_0662_s-300x174.jpg\" alt=\"personality test persoonlijkheidstest assessment center cheap goedkoop\" width=\"397\" height=\"230\" srcset=\"https:\/\/www.write2meetyou.nl\/ktoth\/wp-content\/uploads\/2015\/05\/Krisztina_Graphology_DSC_0662_s-300x174.jpg 300w, https:\/\/www.write2meetyou.nl\/ktoth\/wp-content\/uploads\/2015\/05\/Krisztina_Graphology_DSC_0662_s.jpg 925w\" sizes=\"(max-width: 397px) 100vw, 397px\" \/><\/div>\n<p><\/p>","protected":false},"excerpt":{"rendered":"<p>\u00dcgyfeleim mondt\u00e1k az elemz\u00e9s ut\u00e1n: &#8222;Meglep\u0151, hogy mennyi inform\u00e1ci\u00f3 kider\u00fcl egy k\u00e9zzel \u00edrt lev\u00e9lb\u0151l!&#8221; Caroline (54), Eindhoven &#8222;Teljesen meglep\u0151dtem Krisztina pontos elemz\u00e9s\u00e9n, amelyet egy \u00e1ltalam \u00edrt r\u00f6vid lev\u00e9lb\u0151l hat\u00e1rozott meg. A grafol\u00f3gia egy nagyon hat\u00e9kony m\u00f3dszer arra, hogy bel\u00e1t\u00e1st nyerj\u00fcnk az egy\u00e9n motiv\u00e1ci\u00f3iba, szem\u00e9lyis\u00e9gjegyeibe \u00e9s haszn\u00e1t vegy\u00fck k\u00fcl\u00f6nb\u00f6z\u0151 munkahelyeken!&#8221; Roos (36), Eindhoven &#8222;Megh\u00f6kkent\u0151 \u00e9s k\u00fcl\u00f6nleges &hellip; <a href=\"https:\/\/www.write2meetyou.nl\/hu\/\" class=\"more-link\"><span class=\"screen-reader-text\">\u00cdr\u00e1selemz\u00e9s<\/span> b\u0151vebben&#8230; <span class=\"meta-nav\">&rarr;<\/span><\/a><\/p>\n","protected":false},"author":1,"featured_media":0,"parent":0,"menu_order":0,"comment_status":"closed","ping_status":"closed","template":"","meta":{"om_disable_all_campaigns":false},"aioseo_notices":[],"_links":{"self":[{"href":"https:\/\/www.write2meetyou.nl\/hu\/wp-json\/wp\/v2\/pages\/100"}],"collection":[{"href":"https:\/\/www.write2meetyou.nl\/hu\/wp-json\/wp\/v2\/pages"}],"about":[{"href":"https:\/\/www.write2meetyou.nl\/hu\/wp-json\/wp\/v2\/types\/page"}],"author":[{"embeddable":true,"href":"https:\/\/www.write2meetyou.nl\/hu\/wp-json\/wp\/v2\/users\/1"}],"replies":[{"embeddable":true,"href":"https:\/\/www.write2meetyou.nl\/hu\/wp-json\/wp\/v2\/comments?post=100"}],"version-history":[{"count":60,"href":"https:\/\/www.write2meetyou.nl\/hu\/wp-json\/wp\/v2\/pages\/100\/revisions"}],"predecessor-version":[{"id":893,"href":"https:\/\/www.write2meetyou.nl\/hu\/wp-json\/wp\/v2\/pages\/100\/revisions\/893"}],"wp:attachment":[{"href":"https:\/\/www.write2meetyou.nl\/hu\/wp-json\/wp\/v2\/media?parent=100"}],"curies":[{"name":"wp","href":"https:\/\/api.w.org\/{rel}","templated":true}]}}